{"id":5185,"date":"2025-07-28T10:54:35","date_gmt":"2025-07-28T10:54:35","guid":{"rendered":"https:\/\/lesalpes.com.tr\/?page_id=5185"},"modified":"2025-09-05T12:14:28","modified_gmt":"2025-09-05T12:14:28","slug":"sorumluluktan-feragat-beyani","status":"publish","type":"page","link":"https:\/\/lesalpes.com.tr\/en\/sorumluluktan-feragat-beyani\/","title":{"rendered":"Waiver of Liability\u00a0"},"content":{"rendered":"<div data-elementor-type=\"wp-page\" data-elementor-id=\"5185\" class=\"elementor elementor-5185\" data-elementor-post-type=\"page\">\n\t\t\t\t<div class=\"elementor-element elementor-element-9220d96 e-con-full e-flex e-con e-parent\" data-id=\"9220d96\" data-element_type=\"container\">\n\t\t\t\t<div class=\"elementor-element elementor-element-ba5b906 elementor-widget elementor-widget-n-carousel\" data-id=\"ba5b906\" data-element_type=\"widget\" data-settings=\"{&quot;carousel_items&quot;:[{&quot;slide_title&quot;:&quot;Slide #1&quot;,&quot;_id&quot;:&quot;de352d4&quot;}],&quot;slides_to_show_tablet&quot;:&quot;2&quot;,&quot;slides_to_show_mobile&quot;:&quot;1&quot;,&quot;autoplay&quot;:&quot;yes&quot;,&quot;autoplay_speed&quot;:5000,&quot;pause_on_hover&quot;:&quot;yes&quot;,&quot;pause_on_interaction&quot;:&quot;yes&quot;,&quot;infinite&quot;:&quot;yes&quot;,&quot;speed&quot;:500,&quot;offset_sides&quot;:&quot;none&quot;,&quot;image_spacing_custom&quot;:{&quot;unit&quot;:&quot;px&quot;,&quot;size&quot;:10,&quot;sizes&quot;:[]},&quot;image_spacing_custom_tablet&quot;:{&quot;unit&quot;:&quot;px&quot;,&quot;size&quot;:&quot;&quot;,&quot;sizes&quot;:[]},&quot;image_spacing_custom_mobile&quot;:{&quot;unit&quot;:&quot;px&quot;,&quot;size&quot;:&quot;&quot;,&quot;sizes&quot;:[]}}\" data-widget_type=\"nested-carousel.default\">\n\t\t\t\t<div class=\"elementor-widget-container\">\n\t\t\t\t\t\t\t<div class=\"e-n-carousel swiper\" role=\"region\" aria-roledescription=\"carousel\" aria-label=\"Carousel\" dir=\"ltr\">\n\t\t\t<div class=\"swiper-wrapper\" aria-live=\"off\">\n\t\t\t\t\t\t\t\t\t\t<div class=\"swiper-slide\" data-slide=\"1\" role=\"group\" aria-roledescription=\"slide\" aria-label=\"1 of 1\">\n\t\t\t\t\t\t\t<div class=\"elementor-element elementor-element-b066cd3 e-con-full e-flex e-con e-child\" data-id=\"b066cd3\" data-element_type=\"container\">\n\t\t\t\t<div class=\"elementor-element elementor-element-60544ad elementor-widget elementor-widget-image\" data-id=\"60544ad\" data-element_type=\"widget\" data-widget_type=\"image.default\">\n\t\t\t\t<div class=\"elementor-widget-container\">\n\t\t\t\t\t\t\t\t\t\t\t\t\t\t\t<img fetchpriority=\"high\" decoding=\"async\" width=\"1920\" height=\"625\" src=\"https:\/\/lesalpes.com.tr\/wp-content\/uploads\/2025\/06\/IMG_5088_6_11zon-2.webp\" class=\"attachment-full size-full wp-image-3746\" alt=\"\" srcset=\"https:\/\/lesalpes.com.tr\/wp-content\/uploads\/2025\/06\/IMG_5088_6_11zon-2.webp 1920w, https:\/\/lesalpes.com.tr\/wp-content\/uploads\/2025\/06\/IMG_5088_6_11zon-2-300x98.webp 300w, https:\/\/lesalpes.com.tr\/wp-content\/uploads\/2025\/06\/IMG_5088_6_11zon-2-1024x333.webp 1024w, https:\/\/lesalpes.com.tr\/wp-content\/uploads\/2025\/06\/IMG_5088_6_11zon-2-768x250.webp 768w, https:\/\/lesalpes.com.tr\/wp-content\/uploads\/2025\/06\/IMG_5088_6_11zon-2-1536x500.webp 1536w, https:\/\/lesalpes.com.tr\/wp-content\/uploads\/2025\/06\/IMG_5088_6_11zon-2-18x6.webp 18w, https:\/\/lesalpes.com.tr\/wp-content\/uploads\/2025\/06\/IMG_5088_6_11zon-2-600x195.webp 600w\" sizes=\"(max-width: 1920px) 100vw, 1920px\" \/>\t\t\t\t\t\t\t\t\t\t\t\t\t\t\t<\/div>\n\t\t\t\t<\/div>\n\t\t<div class=\"elementor-element elementor-element-72699d4 e-con-full e-flex e-con e-child\" data-id=\"72699d4\" data-element_type=\"container\" data-settings=\"{&quot;background_background&quot;:&quot;classic&quot;,&quot;position&quot;:&quot;absolute&quot;}\">\n\t\t<div class=\"elementor-element elementor-element-c38ce9a e-flex e-con-boxed e-con e-child\" data-id=\"c38ce9a\" data-element_type=\"container\">\n\t\t\t\t\t<div class=\"e-con-inner\">\n\t\t\t\t<div class=\"elementor-element elementor-element-4510fde elementor-widget elementor-widget-heading\" data-id=\"4510fde\" data-element_type=\"widget\" data-widget_type=\"heading.default\">\n\t\t\t\t<div class=\"elementor-widget-container\">\n\t\t\t\t\t<h2 class=\"elementor-heading-title elementor-size-default\">Waiver of Liability\u00a0<\/h2>\t\t\t\t<\/div>\n\t\t\t\t<\/div>\n\t\t\t\t<div class=\"elementor-element elementor-element-10a22b2 elementor-widget__width-initial elementor-hidden-tablet elementor-hidden-mobile elementor-widget elementor-widget-text-editor\" data-id=\"10a22b2\" data-element_type=\"widget\" data-widget_type=\"text-editor.default\">\n\t\t\t\t<div class=\"elementor-widget-container\">\n\t\t\t\t\t\t\t\t\t<p>\u00a0<\/p><p>Home \/ Disclaimer of Liability\u00a0<\/p>\t\t\t\t\t\t\t\t<\/div>\n\t\t\t\t<\/div>\n\t\t\t\t\t<\/div>\n\t\t\t\t<\/div>\n\t\t\t\t<\/div>\n\t\t\t\t<\/div>\n\t\t\t\t\t\t\t\t<\/div>\n\t\t\t\t\t\t\t\t<\/div>\n\t\t<\/div>\n\t\t\t\t\t\t<\/div>\n\t\t\t\t<\/div>\n\t\t\t\t<\/div>\n\t\t<div class=\"elementor-element elementor-element-c790cf7 e-flex e-con-boxed e-con e-parent\" data-id=\"c790cf7\" data-element_type=\"container\" data-settings=\"{&quot;background_background&quot;:&quot;classic&quot;}\">\n\t\t\t\t\t<div class=\"e-con-inner\">\n\t\t\t\t\t<\/div>\n\t\t\t\t<\/div>\n\t\t<div class=\"elementor-element elementor-element-ebacee7 e-flex e-con-boxed e-con e-parent\" data-id=\"ebacee7\" data-element_type=\"container\">\n\t\t\t\t\t<div class=\"e-con-inner\">\n\t\t<div class=\"elementor-element elementor-element-445d270 e-con-full e-flex e-con e-child\" data-id=\"445d270\" data-element_type=\"container\">\n\t\t<div class=\"elementor-element elementor-element-3a59316 e-con-full e-flex e-con e-child\" data-id=\"3a59316\" data-element_type=\"container\" data-settings=\"{&quot;background_background&quot;:&quot;classic&quot;}\">\n\t\t\t\t<div class=\"elementor-element elementor-element-edd289e elementor-widget elementor-widget-heading\" data-id=\"edd289e\" data-element_type=\"widget\" id=\"titlePointer\" data-widget_type=\"heading.default\">\n\t\t\t\t<div class=\"elementor-widget-container\">\n\t\t\t\t\t<h3 class=\"elementor-heading-title elementor-size-default\">DISCLAIMER OF LIABILITY<\/h3>\t\t\t\t<\/div>\n\t\t\t\t<\/div>\n\t\t\t\t<div class=\"elementor-element elementor-element-953659d elementor-widget elementor-widget-text-editor\" data-id=\"953659d\" data-element_type=\"widget\" data-widget_type=\"text-editor.default\">\n\t\t\t\t<div class=\"elementor-widget-container\">\n\t\t\t\t\t\t\t\t\t<p>I am the parent of the athlete,<\/p><p>I wish to participate in the activities within the scope of Les Alpes Ski Club Sports Club or Darman Turizm \u0130n\u015faat Sanayi Ve Ticaret A.\u015e. (hereinafter together referred to as \"LES ALPES\") with my own consent, knowing the skiing sport and being aware of the risks of this sport. I accept that all necessary personal protection equipment has been provided by me and that I am responsible for any damages that may occur due to missing and\/or faulty equipment.<\/p><p>I know, understand and fully accept that there are some risks inherent in the trip and other activities that I will participate in this event. I understand and accept that Les Alpes does not provide health, medical and property insurance and strongly recommends that I take these out myself. I acknowledge and agree that neither Les Alpes Ski Club Sports Club nor Darman Turizm \u0130n\u015faat Sanayi Ve Tic. A. \u015e. or its partners, managers, employees, officers and representatives are not and will not be liable for any damages that may occur.<\/p><p>I agree that my name, surname, date of birth and Turkish ID number information will be provided by me and used for this purpose in order to carry out the camp and organization.<\/p><p>I accept that I will comply with all measures and rules taken for the realization of the organization, Camp rules, referee decisions and especially for the safety of those who will participate in the organization, including the spectators, and that I will be responsible for any damages arising from any contrary behavior and that I will comply with other decisions to be taken about me, including disqualification.<\/p><p>I agree that I accept the advertising and sponsorship agreements made and to be made, that I do not have any demand, that I will not damage the logo - name - all identifying signs and names of the advertiser and \/ or sponsor and that I will not make similar advertising and \/ or sponsorship promotions, that I accept and approve the use of my name and surname within the scope of the organization, the recording, photography and video shootings to be made during the event \/ activity \/ camp \/ training \/ service \/ award ceremony etc. and their use and that I do not have any fee request for this use.<\/p><p>\u00a0 \u00a0 \u00a0 \u00a0 \u00a0 \u00a0 \u00a0 \u00a0 \u00a0 \u00a0 \u00a0 \u00a0 \u00a0 \u00a0 \u00a0 \u00a0 \u00a0 \u00a0 \u00a0 \u00a0 \u00a0 \u00a0 \u00a0 \u00a0 \u00a0 \u00a0 \u00a0 \u00a0 \u00a0 \u00a0 \u00a0 \u00a0 \u00a0 \u00a0 \u00a0 \u00a0 \u00a0 \u00a0 \u00a0 \u00a0 \u00a0 \u00a0 \u00a0 \u00a0 \u00a0 \u00a0 \u00a0 \u00a0 \u00a0 \u00a0 \u00a0 \u00a0 \u00a0 \u00a0 \u00a0 \u00a0 \u00a0 \u00a0 \u00a0 \u00a0 \u00a0 \u00a0 \u00a0 \u00a0 \u00a0 \u00a0 \u00a0 \u00a0 \u00a0 \u00a0 \u00a0 \u00a0 \u00a0 \u00a0 \u00a0 \u00a0 \u00a0 \u00a0 \u00a0 \u00a0 \u00a0 \u00a0 \u00a0 \u00a0 \u00a0 \u00a0 \u00a0 \u00a0 \u00a0 \u00a0 \u00a0 \u00a0 \u00a0 \u00a0 \u00a0If the athlete is under the age of 18<\/p><div style=\"display: flex; justify-content: space-between; width: 80%; margin: 20px auto; font-family: Arial, sans-serif; font-size: 14px;\"><div><p><strong>Name Surname<\/strong><\/p><p><strong>T.C:<\/strong><\/p><p><strong>Date of Birth:<\/strong><\/p><p><strong>Tel:<\/strong><\/p><p><strong>Signature:<\/strong><\/p><\/div><p><!-- Sa\u011f Kolon --><\/p><div><p><strong>Parent Name Surname:<\/strong><\/p><p><strong>T.C:<\/strong><\/p><p><strong>Date of Birth:<\/strong><\/p><p><strong>Tel:<\/strong><\/p><p><strong>Signature:<\/strong><\/p><\/div><\/div>\t\t\t\t\t\t\t\t<\/div>\n\t\t\t\t<\/div>\n\t\t\t\t<\/div>\n\t\t\t\t<\/div>\n\t\t\t\t\t<\/div>\n\t\t\t\t<\/div>\n\t\t\t\t<\/div>","protected":false},"excerpt":{"rendered":"<p>Sorumluluktan Feragat Beyan\u0131\u00a0 \u00a0 Anasayfa \/ Sorumluluktan Feragat Beyan\u0131\u00a0 Sorumluluktan Feragat Beyan\u0131\u00a0 \u00a0 Anasayfa \/ Sorumluluktan Feragat Beyan\u0131\u00a0 SORUMLULUKTAN FERAGAT BEYANI Ben\/Velisi oldu\u011fum sporcunun, Les Alpes Ski Club Spor Kul\u00fcb\u00fc&#8217;n\u00fcn veya Darman Turizm \u0130n\u015faat Sanayi Ve Ticaret A.\u015e. (Bundan sonra her ikisi birlikte \u2018\u2019LES ALPES\u2019\u2019 olarak an\u0131lacakt\u0131r.) faaliyeti kapsam\u0131ndaki etkinliklere kayak sporunu bilerek ve bu [&hellip;]<\/p>","protected":false},"author":2,"featured_media":0,"parent":0,"menu_order":0,"comment_status":"closed","ping_status":"closed","template":"","meta":{"footnotes":""},"class_list":["post-5185","page","type-page","status-publish","hentry"],"_links":{"self":[{"href":"https:\/\/lesalpes.com.tr\/en\/wp-json\/wp\/v2\/pages\/5185","targetHints":{"allow":["GET"]}}],"collection":[{"href":"https:\/\/lesalpes.com.tr\/en\/wp-json\/wp\/v2\/pages"}],"about":[{"href":"https:\/\/lesalpes.com.tr\/en\/wp-json\/wp\/v2\/types\/page"}],"author":[{"embeddable":true,"href":"https:\/\/lesalpes.com.tr\/en\/wp-json\/wp\/v2\/users\/2"}],"replies":[{"embeddable":true,"href":"https:\/\/lesalpes.com.tr\/en\/wp-json\/wp\/v2\/comments?post=5185"}],"version-history":[{"count":0,"href":"https:\/\/lesalpes.com.tr\/en\/wp-json\/wp\/v2\/pages\/5185\/revisions"}],"wp:attachment":[{"href":"https:\/\/lesalpes.com.tr\/en\/wp-json\/wp\/v2\/media?parent=5185"}],"curies":[{"name":"wp","href":"https:\/\/api.w.org\/{rel}","templated":true}]}}