{"id":153,"date":"2025-04-30T07:45:21","date_gmt":"2025-04-30T07:45:21","guid":{"rendered":"https:\/\/lesalpes.in.bixcod.dev\/?page_id=153"},"modified":"2025-08-21T14:37:11","modified_gmt":"2025-08-21T14:37:11","slug":"fotograf-galerimiz","status":"publish","type":"page","link":"https:\/\/lesalpes.com.tr\/en\/fotograf-galerimiz\/","title":{"rendered":"Photo Gallery"},"content":{"rendered":"<div data-elementor-type=\"wp-page\" data-elementor-id=\"153\" class=\"elementor elementor-153\" data-elementor-post-type=\"page\">\n\t\t\t\t<div class=\"elementor-element elementor-element-a1d5220 e-con-full e-flex e-con e-parent\" data-id=\"a1d5220\" data-element_type=\"container\">\n\t\t\t\t<div class=\"elementor-element elementor-element-ae12842 elementor-widget elementor-widget-n-carousel\" data-id=\"ae12842\" data-element_type=\"widget\" data-settings=\"{&quot;carousel_items&quot;:[{&quot;slide_title&quot;:&quot;Slide #1&quot;,&quot;_id&quot;:&quot;de352d4&quot;}],&quot;slides_to_show_tablet&quot;:&quot;2&quot;,&quot;slides_to_show_mobile&quot;:&quot;1&quot;,&quot;autoplay&quot;:&quot;yes&quot;,&quot;autoplay_speed&quot;:5000,&quot;pause_on_hover&quot;:&quot;yes&quot;,&quot;pause_on_interaction&quot;:&quot;yes&quot;,&quot;infinite&quot;:&quot;yes&quot;,&quot;speed&quot;:500,&quot;offset_sides&quot;:&quot;none&quot;,&quot;image_spacing_custom&quot;:{&quot;unit&quot;:&quot;px&quot;,&quot;size&quot;:10,&quot;sizes&quot;:[]},&quot;image_spacing_custom_tablet&quot;:{&quot;unit&quot;:&quot;px&quot;,&quot;size&quot;:&quot;&quot;,&quot;sizes&quot;:[]},&quot;image_spacing_custom_mobile&quot;:{&quot;unit&quot;:&quot;px&quot;,&quot;size&quot;:&quot;&quot;,&quot;sizes&quot;:[]}}\" data-widget_type=\"nested-carousel.default\">\n\t\t\t\t<div class=\"elementor-widget-container\">\n\t\t\t\t\t\t\t<div class=\"e-n-carousel swiper\" role=\"region\" aria-roledescription=\"carousel\" aria-label=\"Carousel\" dir=\"ltr\">\n\t\t\t<div class=\"swiper-wrapper\" aria-live=\"off\">\n\t\t\t\t\t\t\t\t\t\t<div class=\"swiper-slide\" data-slide=\"1\" role=\"group\" aria-roledescription=\"slide\" aria-label=\"1 of 1\">\n\t\t\t\t\t\t\t<div class=\"elementor-element elementor-element-2590e85 e-con-full e-flex e-con e-child\" data-id=\"2590e85\" data-element_type=\"container\">\n\t\t\t\t<div class=\"elementor-element elementor-element-d53132b elementor-widget elementor-widget-image\" data-id=\"d53132b\" data-element_type=\"widget\" data-widget_type=\"image.default\">\n\t\t\t\t<div class=\"elementor-widget-container\">\n\t\t\t\t\t\t\t\t\t\t\t\t\t\t\t<img fetchpriority=\"high\" decoding=\"async\" width=\"1920\" height=\"625\" src=\"https:\/\/lesalpes.com.tr\/wp-content\/uploads\/2025\/06\/IMG_5088_6_11zon.webp\" class=\"attachment-full size-full wp-image-3702\" alt=\"\" srcset=\"https:\/\/lesalpes.com.tr\/wp-content\/uploads\/2025\/06\/IMG_5088_6_11zon.webp 1920w, https:\/\/lesalpes.com.tr\/wp-content\/uploads\/2025\/06\/IMG_5088_6_11zon-300x98.webp 300w, https:\/\/lesalpes.com.tr\/wp-content\/uploads\/2025\/06\/IMG_5088_6_11zon-1024x333.webp 1024w, https:\/\/lesalpes.com.tr\/wp-content\/uploads\/2025\/06\/IMG_5088_6_11zon-768x250.webp 768w, https:\/\/lesalpes.com.tr\/wp-content\/uploads\/2025\/06\/IMG_5088_6_11zon-1536x500.webp 1536w, https:\/\/lesalpes.com.tr\/wp-content\/uploads\/2025\/06\/IMG_5088_6_11zon-18x6.webp 18w, https:\/\/lesalpes.com.tr\/wp-content\/uploads\/2025\/06\/IMG_5088_6_11zon-600x195.webp 600w\" sizes=\"(max-width: 1920px) 100vw, 1920px\" \/>\t\t\t\t\t\t\t\t\t\t\t\t\t\t\t<\/div>\n\t\t\t\t<\/div>\n\t\t<div class=\"elementor-element elementor-element-49ab357 e-con-full e-flex e-con e-child\" data-id=\"49ab357\" data-element_type=\"container\" data-settings=\"{&quot;background_background&quot;:&quot;classic&quot;,&quot;position&quot;:&quot;absolute&quot;}\">\n\t\t<div class=\"elementor-element elementor-element-7c2847c e-flex e-con-boxed e-con e-child\" data-id=\"7c2847c\" data-element_type=\"container\">\n\t\t\t\t\t<div class=\"e-con-inner\">\n\t\t\t\t<div class=\"elementor-element elementor-element-32ee4eb elementor-widget__width-initial elementor-hidden-tablet elementor-hidden-mobile elementor-widget elementor-widget-text-editor\" data-id=\"32ee4eb\" data-element_type=\"widget\" data-widget_type=\"text-editor.default\">\n\t\t\t\t<div class=\"elementor-widget-container\">\n\t\t\t\t\t\t\t\t\t<p>Home \/ Photo Gallery<\/p>\t\t\t\t\t\t\t\t<\/div>\n\t\t\t\t<\/div>\n\t\t\t\t<div class=\"elementor-element elementor-element-111ce24 elementor-widget elementor-widget-heading\" data-id=\"111ce24\" data-element_type=\"widget\" data-widget_type=\"heading.default\">\n\t\t\t\t<div class=\"elementor-widget-container\">\n\t\t\t\t\t<h2 class=\"elementor-heading-title elementor-size-default\">Photo gallery<\/h2>\t\t\t\t<\/div>\n\t\t\t\t<\/div>\n\t\t\t\t<div class=\"elementor-element elementor-element-190b96e elementor-widget__width-initial elementor-hidden-tablet elementor-hidden-mobile elementor-widget elementor-widget-text-editor\" data-id=\"190b96e\" data-element_type=\"widget\" data-widget_type=\"text-editor.default\">\n\t\t\t\t<div class=\"elementor-widget-container\">\n\t\t\t\t\t\t\t\t\t<p>Skiing, Exploration and Fun Together in Les Alpes World!<\/p>\t\t\t\t\t\t\t\t<\/div>\n\t\t\t\t<\/div>\n\t\t<div class=\"elementor-element elementor-element-e2c1a38 e-con-full elementor-hidden-tablet elementor-hidden-mobile e-flex e-con e-child\" data-id=\"e2c1a38\" data-element_type=\"container\">\n\t\t\t\t<div class=\"elementor-element elementor-element-c1251d0 elementor-hidden-tablet elementor-hidden-mobile elementor-widget elementor-widget-button\" data-id=\"c1251d0\" data-element_type=\"widget\" data-widget_type=\"button.default\">\n\t\t\t\t<div class=\"elementor-widget-container\">\n\t\t\t\t\t\t\t\t\t<div class=\"elementor-button-wrapper\">\n\t\t\t\t\t<a class=\"elementor-button elementor-button-link elementor-size-sm\" href=\"https:\/\/www.instagram.com\/lesalpes.tr\/\" rel=\"nofollow noopener\" target=\"_blank\">\n\t\t\t\t\t\t<span class=\"elementor-button-content-wrapper\">\n\t\t\t\t\t\t<span class=\"elementor-button-icon\">\n\t\t\t\t<svg xmlns=\"http:\/\/www.w3.org\/2000\/svg\" width=\"30\" height=\"30\" viewbox=\"0 0 30 30\" fill=\"none\"><path id=\"instagram\" d=\"M19.5335 0.0155828H10.4963C4.80893 -0.0770036 0.119107 4.61404 0 10.4933V19.5205C0.104218 25.4151 4.79404 30.0908 10.4814 29.9982H19.5186C25.206 30.1062 29.8958 25.4151 30 19.5205V10.4779C29.9702 4.66034 25.3995 -0.0307108 19.8015 0.000151411C19.7122 0.0155825 19.6228 0.0155828 19.5335 0.0155828ZM21.4541 15.0609C21.5881 18.7798 18.7891 21.9123 15.1861 22.0512C11.598 22.19 8.57568 19.289 8.44169 15.5547C8.30769 11.8204 11.1067 8.70328 14.7097 8.5644C14.7841 8.5644 14.8734 8.5644 14.9479 8.5644C18.4615 8.48725 21.3797 11.3729 21.4541 15.0146V15.0609ZM23.3896 8.5644C22.4963 8.54897 21.7965 7.77742 21.8114 6.85155C21.8263 5.92569 22.5707 5.20043 23.464 5.21586C24.3573 5.23129 25.0571 6.00284 25.0422 6.92871C25.0273 7.82371 24.3275 8.54897 23.464 8.5644H23.3896Z\" fill=\"white\"><\/path><\/svg>\t\t\t<\/span>\n\t\t\t\t\t\t\t\t\t<span class=\"elementor-button-text\">Follow us on Social Media!<\/span>\n\t\t\t\t\t<\/span>\n\t\t\t\t\t<\/a>\n\t\t\t\t<\/div>\n\t\t\t\t\t\t\t\t<\/div>\n\t\t\t\t<\/div>\n\t\t\t\t<\/div>\n\t\t\t\t\t<\/div>\n\t\t\t\t<\/div>\n\t\t\t\t<\/div>\n\t\t\t\t<\/div>\n\t\t\t\t\t\t\t\t<\/div>\n\t\t\t\t\t\t\t\t<\/div>\n\t\t<\/div>\n\t\t\t\t\t\t<\/div>\n\t\t\t\t<\/div>\n\t\t\t\t<\/div>\n\t\t<div class=\"elementor-element elementor-element-16cb041 e-flex e-con-boxed e-con e-parent\" data-id=\"16cb041\" data-element_type=\"container\" data-settings=\"{&quot;background_background&quot;:&quot;classic&quot;}\">\n\t\t\t\t\t<div class=\"e-con-inner\">\n\t\t\t\t<div class=\"elementor-element elementor-element-3911c57 elementor-widget elementor-widget-heading\" data-id=\"3911c57\" data-element_type=\"widget\" data-widget_type=\"heading.default\">\n\t\t\t\t<div class=\"elementor-widget-container\">\n\t\t\t\t\t<h2 class=\"elementor-heading-title elementor-size-default\">\u2744\ufe0fLes Immortalize Fun with Alpes! \ud83d\udcf7<\/h2>\t\t\t\t<\/div>\n\t\t\t\t<\/div>\n\t\t\t\t\t<\/div>\n\t\t\t\t<\/div>\n\t\t<div class=\"elementor-element elementor-element-f03b5a0 e-flex e-con-boxed e-con e-parent\" data-id=\"f03b5a0\" data-element_type=\"container\">\n\t\t\t\t\t<div class=\"e-con-inner\">\n\t\t\t\t<div class=\"elementor-element elementor-element-a1617fc elementor-widget elementor-widget-heading\" data-id=\"a1617fc\" data-element_type=\"widget\" data-widget_type=\"heading.default\">\n\t\t\t\t<div class=\"elementor-widget-container\">\n\t\t\t\t\t<h2 class=\"elementor-heading-title elementor-size-default\">Immortal Moments<\/h2>\t\t\t\t<\/div>\n\t\t\t\t<\/div>\n\t\t\t\t<div class=\"elementor-element elementor-element-b3dea65 elementor-widget elementor-widget-text-editor\" data-id=\"b3dea65\" data-element_type=\"widget\" data-widget_type=\"text-editor.default\">\n\t\t\t\t<div class=\"elementor-widget-container\">\n\t\t\t\t\t\t\t\t\t<p>Memorable moments for champions at Les Alpes<\/p>\t\t\t\t\t\t\t\t<\/div>\n\t\t\t\t<\/div>\n\t\t\t\t<div class=\"elementor-element elementor-element-5372962 gallery-spacing-custom elementor-widget elementor-widget-image-gallery\" data-id=\"5372962\" data-element_type=\"widget\" id=\"galeriOne\" data-widget_type=\"image-gallery.default\">\n\t\t\t\t<div class=\"elementor-widget-container\">\n\t\t\t\t\t\t\t<div class=\"elementor-image-gallery\">\n\t\t\t<div id='gallery-1' class='gallery galleryid-153 gallery-columns-3 gallery-size-2048x2048'><figure class='gallery-item'>\n\t\t\t<div class='gallery-icon landscape'>\n\t\t\t\t<a data-elementor-open-lightbox=\"yes\" data-elementor-lightbox-slideshow=\"5372962\" data-e-action-hash=\"#elementor-action%3Aaction%3Dlightbox%26settings%3DeyJpZCI6MzcwOCwidXJsIjoiaHR0cHM6XC9cL2xlc2FscGVzLmNvbS50clwvd3AtY29udGVudFwvdXBsb2Fkc1wvMjAyNVwvMDZcL0lNR180NzUwXzVfMTF6b24ud2VicCIsInNsaWRlc2hvdyI6IjUzNzI5NjIifQ%3D%3D\" href=\"https:\/\/lesalpes.com.tr\/wp-content\/uploads\/2025\/06\/IMG_4750_5_11zon.webp\"><img decoding=\"async\" width=\"824\" height=\"510\" src=\"https:\/\/lesalpes.com.tr\/wp-content\/uploads\/2025\/06\/IMG_4750_5_11zon.webp\" class=\"attachment-2048x2048 size-2048x2048\" alt=\"\" srcset=\"https:\/\/lesalpes.com.tr\/wp-content\/uploads\/2025\/06\/IMG_4750_5_11zon.webp 824w, https:\/\/lesalpes.com.tr\/wp-content\/uploads\/2025\/06\/IMG_4750_5_11zon-300x186.webp 300w, https:\/\/lesalpes.com.tr\/wp-content\/uploads\/2025\/06\/IMG_4750_5_11zon-768x475.webp 768w, https:\/\/lesalpes.com.tr\/wp-content\/uploads\/2025\/06\/IMG_4750_5_11zon-18x12.webp 18w, https:\/\/lesalpes.com.tr\/wp-content\/uploads\/2025\/06\/IMG_4750_5_11zon-600x371.webp 600w\" sizes=\"(max-width: 824px) 100vw, 824px\" \/><\/a>\n\t\t\t<\/div><\/figure><figure class='gallery-item'>\n\t\t\t<div class='gallery-icon landscape'>\n\t\t\t\t<a data-elementor-open-lightbox=\"yes\" data-elementor-lightbox-slideshow=\"5372962\" data-e-action-hash=\"#elementor-action%3Aaction%3Dlightbox%26settings%3DeyJpZCI6MzcwNCwidXJsIjoiaHR0cHM6XC9cL2xlc2FscGVzLmNvbS50clwvd3AtY29udGVudFwvdXBsb2Fkc1wvMjAyNVwvMDZcL0lNR184OTIwXzRfMTF6b24ud2VicCIsInNsaWRlc2hvdyI6IjUzNzI5NjIifQ%3D%3D\" href=\"https:\/\/lesalpes.com.tr\/wp-content\/uploads\/2025\/06\/IMG_8920_4_11zon.webp\"><img decoding=\"async\" width=\"824\" height=\"510\" src=\"https:\/\/lesalpes.com.tr\/wp-content\/uploads\/2025\/06\/IMG_8920_4_11zon.webp\" class=\"attachment-2048x2048 size-2048x2048\" alt=\"\" srcset=\"https:\/\/lesalpes.com.tr\/wp-content\/uploads\/2025\/06\/IMG_8920_4_11zon.webp 824w, https:\/\/lesalpes.com.tr\/wp-content\/uploads\/2025\/06\/IMG_8920_4_11zon-300x186.webp 300w, https:\/\/lesalpes.com.tr\/wp-content\/uploads\/2025\/06\/IMG_8920_4_11zon-768x475.webp 768w, https:\/\/lesalpes.com.tr\/wp-content\/uploads\/2025\/06\/IMG_8920_4_11zon-18x12.webp 18w, https:\/\/lesalpes.com.tr\/wp-content\/uploads\/2025\/06\/IMG_8920_4_11zon-600x371.webp 600w\" sizes=\"(max-width: 824px) 100vw, 824px\" \/><\/a>\n\t\t\t<\/div><\/figure><figure class='gallery-item'>\n\t\t\t<div class='gallery-icon landscape'>\n\t\t\t\t<a data-elementor-open-lightbox=\"yes\" data-elementor-lightbox-slideshow=\"5372962\" data-e-action-hash=\"#elementor-action%3Aaction%3Dlightbox%26settings%3DeyJpZCI6MzcwNywidXJsIjoiaHR0cHM6XC9cL2xlc2FscGVzLmNvbS50clwvd3AtY29udGVudFwvdXBsb2Fkc1wvMjAyNVwvMDZcL0lNR185MTg1XzJfMTF6b24ud2VicCIsInNsaWRlc2hvdyI6IjUzNzI5NjIifQ%3D%3D\" href=\"https:\/\/lesalpes.com.tr\/wp-content\/uploads\/2025\/06\/IMG_9185_2_11zon.webp\"><img loading=\"lazy\" decoding=\"async\" width=\"539\" height=\"400\" src=\"https:\/\/lesalpes.com.tr\/wp-content\/uploads\/2025\/06\/IMG_9185_2_11zon.webp\" class=\"attachment-2048x2048 size-2048x2048\" alt=\"\" srcset=\"https:\/\/lesalpes.com.tr\/wp-content\/uploads\/2025\/06\/IMG_9185_2_11zon.webp 539w, https:\/\/lesalpes.com.tr\/wp-content\/uploads\/2025\/06\/IMG_9185_2_11zon-300x223.webp 300w, https:\/\/lesalpes.com.tr\/wp-content\/uploads\/2025\/06\/IMG_9185_2_11zon-16x12.webp 16w\" sizes=\"(max-width: 539px) 100vw, 539px\" \/><\/a>\n\t\t\t<\/div><\/figure><figure class='gallery-item'>\n\t\t\t<div class='gallery-icon landscape'>\n\t\t\t\t<a data-elementor-open-lightbox=\"yes\" data-elementor-lightbox-slideshow=\"5372962\" data-e-action-hash=\"#elementor-action%3Aaction%3Dlightbox%26settings%3DeyJpZCI6MzcwNSwidXJsIjoiaHR0cHM6XC9cL2xlc2FscGVzLmNvbS50clwvd3AtY29udGVudFwvdXBsb2Fkc1wvMjAyNVwvMDZcL0lNR185MDA3XzFfMTF6b24ud2VicCIsInNsaWRlc2hvdyI6IjUzNzI5NjIifQ%3D%3D\" href=\"https:\/\/lesalpes.com.tr\/wp-content\/uploads\/2025\/06\/IMG_9007_1_11zon.webp\"><img loading=\"lazy\" decoding=\"async\" width=\"539\" height=\"400\" src=\"https:\/\/lesalpes.com.tr\/wp-content\/uploads\/2025\/06\/IMG_9007_1_11zon.webp\" class=\"attachment-2048x2048 size-2048x2048\" alt=\"\" srcset=\"https:\/\/lesalpes.com.tr\/wp-content\/uploads\/2025\/06\/IMG_9007_1_11zon.webp 539w, https:\/\/lesalpes.com.tr\/wp-content\/uploads\/2025\/06\/IMG_9007_1_11zon-300x223.webp 300w, https:\/\/lesalpes.com.tr\/wp-content\/uploads\/2025\/06\/IMG_9007_1_11zon-16x12.webp 16w\" sizes=\"(max-width: 539px) 100vw, 539px\" \/><\/a>\n\t\t\t<\/div><\/figure><figure class='gallery-item'>\n\t\t\t<div class='gallery-icon portrait'>\n\t\t\t\t<a data-elementor-open-lightbox=\"yes\" data-elementor-lightbox-slideshow=\"5372962\" data-e-action-hash=\"#elementor-action%3Aaction%3Dlightbox%26settings%3DeyJpZCI6NTk4MiwidXJsIjoiaHR0cHM6XC9cL2xlc2FscGVzLmNvbS50clwvd3AtY29udGVudFwvdXBsb2Fkc1wvMjAyNVwvMDhcL0lNR180MTY1LTEuanBnIiwic2xpZGVzaG93IjoiNTM3Mjk2MiJ9\" href=\"https:\/\/lesalpes.com.tr\/wp-content\/uploads\/2025\/08\/IMG_4165-1.jpg\"><img loading=\"lazy\" decoding=\"async\" width=\"1229\" height=\"1233\" src=\"https:\/\/lesalpes.com.tr\/wp-content\/uploads\/2025\/08\/IMG_4165-1.jpg\" class=\"attachment-2048x2048 size-2048x2048\" alt=\"\" srcset=\"https:\/\/lesalpes.com.tr\/wp-content\/uploads\/2025\/08\/IMG_4165-1.jpg 1229w, https:\/\/lesalpes.com.tr\/wp-content\/uploads\/2025\/08\/IMG_4165-1-300x300.jpg 300w, https:\/\/lesalpes.com.tr\/wp-content\/uploads\/2025\/08\/IMG_4165-1-1021x1024.jpg 1021w, https:\/\/lesalpes.com.tr\/wp-content\/uploads\/2025\/08\/IMG_4165-1-150x150.jpg 150w, https:\/\/lesalpes.com.tr\/wp-content\/uploads\/2025\/08\/IMG_4165-1-768x770.jpg 768w, https:\/\/lesalpes.com.tr\/wp-content\/uploads\/2025\/08\/IMG_4165-1-12x12.jpg 12w, https:\/\/lesalpes.com.tr\/wp-content\/uploads\/2025\/08\/IMG_4165-1-600x602.jpg 600w, https:\/\/lesalpes.com.tr\/wp-content\/uploads\/2025\/08\/IMG_4165-1-100x100.jpg 100w\" sizes=\"(max-width: 1229px) 100vw, 1229px\" \/><\/a>\n\t\t\t<\/div><\/figure><figure class='gallery-item'>\n\t\t\t<div class='gallery-icon portrait'>\n\t\t\t\t<a data-elementor-open-lightbox=\"yes\" data-elementor-lightbox-slideshow=\"5372962\" data-e-action-hash=\"#elementor-action%3Aaction%3Dlightbox%26settings%3DeyJpZCI6NTk4MCwidXJsIjoiaHR0cHM6XC9cL2xlc2FscGVzLmNvbS50clwvd3AtY29udGVudFwvdXBsb2Fkc1wvMjAyNVwvMDhcL0lNR183NDU4LTEuanBnIiwic2xpZGVzaG93IjoiNTM3Mjk2MiJ9\" href=\"https:\/\/lesalpes.com.tr\/wp-content\/uploads\/2025\/08\/IMG_7458-1.jpg\"><img loading=\"lazy\" decoding=\"async\" width=\"375\" height=\"500\" src=\"https:\/\/lesalpes.com.tr\/wp-content\/uploads\/2025\/08\/IMG_7458-1.jpg\" class=\"attachment-2048x2048 size-2048x2048\" alt=\"\" srcset=\"https:\/\/lesalpes.com.tr\/wp-content\/uploads\/2025\/08\/IMG_7458-1.jpg 375w, https:\/\/lesalpes.com.tr\/wp-content\/uploads\/2025\/08\/IMG_7458-1-225x300.jpg 225w, https:\/\/lesalpes.com.tr\/wp-content\/uploads\/2025\/08\/IMG_7458-1-9x12.jpg 9w\" sizes=\"(max-width: 375px) 100vw, 375px\" \/><\/a>\n\t\t\t<\/div><\/figure><figure class='gallery-item'>\n\t\t\t<div class='gallery-icon portrait'>\n\t\t\t\t<a data-elementor-open-lightbox=\"yes\" data-elementor-lightbox-slideshow=\"5372962\" data-e-action-hash=\"#elementor-action%3Aaction%3Dlightbox%26settings%3DeyJpZCI6NTk3NiwidXJsIjoiaHR0cHM6XC9cL2xlc2FscGVzLmNvbS50clwvd3AtY29udGVudFwvdXBsb2Fkc1wvMjAyNVwvMDhcL0lNR180NTI1LmpwZyIsInNsaWRlc2hvdyI6IjUzNzI5NjIifQ%3D%3D\" href=\"https:\/\/lesalpes.com.tr\/wp-content\/uploads\/2025\/08\/IMG_4525.jpg\"><img loading=\"lazy\" decoding=\"async\" width=\"1536\" height=\"2048\" src=\"https:\/\/lesalpes.com.tr\/wp-content\/uploads\/2025\/08\/IMG_4525.jpg\" class=\"attachment-2048x2048 size-2048x2048\" alt=\"\" srcset=\"https:\/\/lesalpes.com.tr\/wp-content\/uploads\/2025\/08\/IMG_4525.jpg 1536w, https:\/\/lesalpes.com.tr\/wp-content\/uploads\/2025\/08\/IMG_4525-225x300.jpg 225w, https:\/\/lesalpes.com.tr\/wp-content\/uploads\/2025\/08\/IMG_4525-768x1024.jpg 768w, https:\/\/lesalpes.com.tr\/wp-content\/uploads\/2025\/08\/IMG_4525-1152x1536.jpg 1152w, https:\/\/lesalpes.com.tr\/wp-content\/uploads\/2025\/08\/IMG_4525-9x12.jpg 9w, https:\/\/lesalpes.com.tr\/wp-content\/uploads\/2025\/08\/IMG_4525-600x800.jpg 600w\" sizes=\"(max-width: 1536px) 100vw, 1536px\" \/><\/a>\n\t\t\t<\/div><\/figure><figure class='gallery-item'>\n\t\t\t<div class='gallery-icon portrait'>\n\t\t\t\t<a data-elementor-open-lightbox=\"yes\" data-elementor-lightbox-slideshow=\"5372962\" data-e-action-hash=\"#elementor-action%3Aaction%3Dlightbox%26settings%3DeyJpZCI6NjUxMywidXJsIjoiaHR0cHM6XC9cL2xlc2FscGVzLmNvbS50clwvd3AtY29udGVudFwvdXBsb2Fkc1wvMjAyNFwvMDJcL0lNR181NzYwLmpwZyIsInNsaWRlc2hvdyI6IjUzNzI5NjIifQ%3D%3D\" href=\"https:\/\/lesalpes.com.tr\/wp-content\/uploads\/2024\/02\/IMG_5760.jpg\"><img loading=\"lazy\" decoding=\"async\" width=\"1536\" height=\"2048\" src=\"https:\/\/lesalpes.com.tr\/wp-content\/uploads\/2024\/02\/IMG_5760.jpg\" class=\"attachment-2048x2048 size-2048x2048\" alt=\"\" srcset=\"https:\/\/lesalpes.com.tr\/wp-content\/uploads\/2024\/02\/IMG_5760.jpg 1536w, https:\/\/lesalpes.com.tr\/wp-content\/uploads\/2024\/02\/IMG_5760-225x300.jpg 225w, https:\/\/lesalpes.com.tr\/wp-content\/uploads\/2024\/02\/IMG_5760-768x1024.jpg 768w, https:\/\/lesalpes.com.tr\/wp-content\/uploads\/2024\/02\/IMG_5760-1152x1536.jpg 1152w, https:\/\/lesalpes.com.tr\/wp-content\/uploads\/2024\/02\/IMG_5760-9x12.jpg 9w, https:\/\/lesalpes.com.tr\/wp-content\/uploads\/2024\/02\/IMG_5760-600x800.jpg 600w\" sizes=\"(max-width: 1536px) 100vw, 1536px\" \/><\/a>\n\t\t\t<\/div><\/figure>\n\t\t<\/div>\n\t\t<\/div>\n\t\t\t\t\t\t<\/div>\n\t\t\t\t<\/div>\n\t\t\t\t\t<\/div>\n\t\t\t\t<\/div>\n\t\t\t\t<\/div>","protected":false},"excerpt":{"rendered":"<p>Anasayfa \/ Foto\u011fraf Galerisi Foto\u011fraf galer\u0130M\u0130Z Les Alpes D\u00fcnyas\u0131nda Kayak, Ke\u015fif ve E\u011flence Bir Arada! Bizi Sosyal Medyadan Takip Edin! Anasayfa \/ Foto\u011fraf Galerisi Foto\u011fraf galer\u0130M\u0130Z Les Alpes D\u00fcnyas\u0131nda Kayak, Ke\u015fif ve E\u011flence Bir Arada! Bizi Sosyal Medyadan Takip Edin! \u2744\ufe0fLes Alpes ile E\u011flenceyi \u00d6l\u00fcms\u00fczle\u015ftirin! \ud83d\udcf7 \u00d6l\u00fcms\u00fcz Anlar Les Alpes\u2019te, \u015fampiyonlar i\u00e7in haf\u0131zalara kaz\u0131nan anlar<\/p>","protected":false},"author":1,"featured_media":0,"parent":0,"menu_order":0,"comment_status":"closed","ping_status":"closed","template":"","meta":{"footnotes":""},"class_list":["post-153","page","type-page","status-publish","hentry"],"_links":{"self":[{"href":"https:\/\/lesalpes.com.tr\/en\/wp-json\/wp\/v2\/pages\/153","targetHints":{"allow":["GET"]}}],"collection":[{"href":"https:\/\/lesalpes.com.tr\/en\/wp-json\/wp\/v2\/pages"}],"about":[{"href":"https:\/\/lesalpes.com.tr\/en\/wp-json\/wp\/v2\/types\/page"}],"author":[{"embeddable":true,"href":"https:\/\/lesalpes.com.tr\/en\/wp-json\/wp\/v2\/users\/1"}],"replies":[{"embeddable":true,"href":"https:\/\/lesalpes.com.tr\/en\/wp-json\/wp\/v2\/comments?post=153"}],"version-history":[{"count":0,"href":"https:\/\/lesalpes.com.tr\/en\/wp-json\/wp\/v2\/pages\/153\/revisions"}],"wp:attachment":[{"href":"https:\/\/lesalpes.com.tr\/en\/wp-json\/wp\/v2\/media?parent=153"}],"curies":[{"name":"wp","href":"https:\/\/api.w.org\/{rel}","templated":true}]}}