{"id":104,"date":"2025-04-30T06:20:12","date_gmt":"2025-04-30T06:20:12","guid":{"rendered":"https:\/\/lesalpes.in.bixcod.dev\/?page_id=104"},"modified":"2025-09-05T06:39:54","modified_gmt":"2025-09-05T06:39:54","slug":"iletisim","status":"publish","type":"page","link":"https:\/\/lesalpes.com.tr\/en\/iletisim\/","title":{"rendered":"Contact"},"content":{"rendered":"<div data-elementor-type=\"wp-page\" data-elementor-id=\"104\" class=\"elementor elementor-104\" data-elementor-post-type=\"page\">\n\t\t\t\t<div class=\"elementor-element elementor-element-9220d96 e-con-full e-flex e-con e-parent\" data-id=\"9220d96\" data-element_type=\"container\">\n\t\t\t\t<div class=\"elementor-element elementor-element-ba5b906 elementor-widget elementor-widget-n-carousel\" data-id=\"ba5b906\" data-element_type=\"widget\" data-settings=\"{&quot;carousel_items&quot;:[{&quot;slide_title&quot;:&quot;Slide #1&quot;,&quot;_id&quot;:&quot;de352d4&quot;}],&quot;slides_to_show_tablet&quot;:&quot;2&quot;,&quot;slides_to_show_mobile&quot;:&quot;1&quot;,&quot;autoplay&quot;:&quot;yes&quot;,&quot;autoplay_speed&quot;:5000,&quot;pause_on_hover&quot;:&quot;yes&quot;,&quot;pause_on_interaction&quot;:&quot;yes&quot;,&quot;infinite&quot;:&quot;yes&quot;,&quot;speed&quot;:500,&quot;offset_sides&quot;:&quot;none&quot;,&quot;image_spacing_custom&quot;:{&quot;unit&quot;:&quot;px&quot;,&quot;size&quot;:10,&quot;sizes&quot;:[]},&quot;image_spacing_custom_tablet&quot;:{&quot;unit&quot;:&quot;px&quot;,&quot;size&quot;:&quot;&quot;,&quot;sizes&quot;:[]},&quot;image_spacing_custom_mobile&quot;:{&quot;unit&quot;:&quot;px&quot;,&quot;size&quot;:&quot;&quot;,&quot;sizes&quot;:[]}}\" data-widget_type=\"nested-carousel.default\">\n\t\t\t\t<div class=\"elementor-widget-container\">\n\t\t\t\t\t\t\t<div class=\"e-n-carousel swiper\" role=\"region\" aria-roledescription=\"carousel\" aria-label=\"Carousel\" dir=\"ltr\">\n\t\t\t<div class=\"swiper-wrapper\" aria-live=\"off\">\n\t\t\t\t\t\t\t\t\t\t<div class=\"swiper-slide\" data-slide=\"1\" role=\"group\" aria-roledescription=\"slide\" aria-label=\"1 of 1\">\n\t\t\t\t\t\t\t<div class=\"elementor-element elementor-element-b066cd3 e-con-full e-flex e-con e-child\" data-id=\"b066cd3\" data-element_type=\"container\">\n\t\t\t\t<div class=\"elementor-element elementor-element-60544ad elementor-widget elementor-widget-image\" data-id=\"60544ad\" data-element_type=\"widget\" data-widget_type=\"image.default\">\n\t\t\t\t<div class=\"elementor-widget-container\">\n\t\t\t\t\t\t\t\t\t\t\t\t\t\t\t<img fetchpriority=\"high\" decoding=\"async\" width=\"1920\" height=\"625\" src=\"https:\/\/lesalpes.com.tr\/wp-content\/uploads\/2025\/05\/IMG_5088.png\" class=\"attachment-full size-full wp-image-807\" alt=\"\" srcset=\"https:\/\/lesalpes.com.tr\/wp-content\/uploads\/2025\/05\/IMG_5088.png 1920w, https:\/\/lesalpes.com.tr\/wp-content\/uploads\/2025\/05\/IMG_5088-300x98.png 300w, https:\/\/lesalpes.com.tr\/wp-content\/uploads\/2025\/05\/IMG_5088-1024x333.png 1024w, https:\/\/lesalpes.com.tr\/wp-content\/uploads\/2025\/05\/IMG_5088-768x250.png 768w, https:\/\/lesalpes.com.tr\/wp-content\/uploads\/2025\/05\/IMG_5088-1536x500.png 1536w, https:\/\/lesalpes.com.tr\/wp-content\/uploads\/2025\/05\/IMG_5088-600x195.png 600w\" sizes=\"(max-width: 1920px) 100vw, 1920px\" \/>\t\t\t\t\t\t\t\t\t\t\t\t\t\t\t<\/div>\n\t\t\t\t<\/div>\n\t\t<div class=\"elementor-element elementor-element-72699d4 e-con-full e-flex e-con e-child\" data-id=\"72699d4\" data-element_type=\"container\" data-settings=\"{&quot;background_background&quot;:&quot;classic&quot;,&quot;position&quot;:&quot;absolute&quot;}\">\n\t\t<div class=\"elementor-element elementor-element-c38ce9a e-flex e-con-boxed e-con e-child\" data-id=\"c38ce9a\" data-element_type=\"container\">\n\t\t\t\t\t<div class=\"e-con-inner\">\n\t\t\t\t<div class=\"elementor-element elementor-element-4510fde elementor-widget elementor-widget-heading\" data-id=\"4510fde\" data-element_type=\"widget\" data-widget_type=\"heading.default\">\n\t\t\t\t<div class=\"elementor-widget-container\">\n\t\t\t\t\t<h2 class=\"elementor-heading-title elementor-size-default\">CONTACT US<\/h2>\t\t\t\t<\/div>\n\t\t\t\t<\/div>\n\t\t\t\t<div class=\"elementor-element elementor-element-10a22b2 elementor-widget__width-initial elementor-hidden-tablet elementor-hidden-mobile elementor-widget elementor-widget-text-editor\" data-id=\"10a22b2\" data-element_type=\"widget\" data-widget_type=\"text-editor.default\">\n\t\t\t\t<div class=\"elementor-widget-container\">\n\t\t\t\t\t\t\t\t\t<p>Skiing, Exploration and Fun Together in Les Alpes World!<\/p>\t\t\t\t\t\t\t\t<\/div>\n\t\t\t\t<\/div>\n\t\t\t\t\t<\/div>\n\t\t\t\t<\/div>\n\t\t\t\t<\/div>\n\t\t\t\t<\/div>\n\t\t\t\t\t\t\t\t<\/div>\n\t\t\t\t\t\t\t\t<\/div>\n\t\t<\/div>\n\t\t\t\t\t\t<\/div>\n\t\t\t\t<\/div>\n\t\t\t\t<\/div>\n\t\t<div class=\"elementor-element elementor-element-c790cf7 e-flex e-con-boxed e-con e-parent\" data-id=\"c790cf7\" data-element_type=\"container\" data-settings=\"{&quot;background_background&quot;:&quot;classic&quot;}\">\n\t\t\t\t\t<div class=\"e-con-inner\">\n\t\t\t\t<div class=\"elementor-element elementor-element-fc40aa0 elementor-widget elementor-widget-heading\" data-id=\"fc40aa0\" data-element_type=\"widget\" id=\"titlePointer\" data-widget_type=\"heading.default\">\n\t\t\t\t<div class=\"elementor-widget-container\">\n\t\t\t\t\t<h2 class=\"elementor-heading-title elementor-size-default\">You can reach us anytime! We are here for your questions!<\/h2>\t\t\t\t<\/div>\n\t\t\t\t<\/div>\n\t\t\t\t\t<\/div>\n\t\t\t\t<\/div>\n\t\t<div class=\"elementor-element elementor-element-ebacee7 e-flex e-con-boxed e-con e-parent\" data-id=\"ebacee7\" data-element_type=\"container\">\n\t\t\t\t\t<div class=\"e-con-inner\">\n\t\t<div class=\"elementor-element elementor-element-445d270 e-con-full e-flex e-con e-child\" data-id=\"445d270\" data-element_type=\"container\">\n\t\t<div class=\"elementor-element elementor-element-ce8eb92 e-con-full e-flex e-con e-child\" data-id=\"ce8eb92\" data-element_type=\"container\">\n\t\t\t\t<div class=\"elementor-element elementor-element-692c256 elementor-absolute elementor-hidden-tablet elementor-widget elementor-widget-image\" data-id=\"692c256\" data-element_type=\"widget\" data-settings=\"{&quot;_position&quot;:&quot;absolute&quot;}\" data-widget_type=\"image.default\">\n\t\t\t\t<div class=\"elementor-widget-container\">\n\t\t\t\t\t\t\t\t\t\t\t\t\t\t\t<img decoding=\"async\" width=\"135\" height=\"155\" src=\"https:\/\/lesalpes.com.tr\/wp-content\/uploads\/2025\/04\/Button.png\" class=\"attachment-large size-large wp-image-107\" alt=\"\" \/>\t\t\t\t\t\t\t\t\t\t\t\t\t\t\t<\/div>\n\t\t\t\t<\/div>\n\t\t\t\t<div class=\"elementor-element elementor-element-32bd5f7 elementor-widget elementor-widget-google_maps\" data-id=\"32bd5f7\" data-element_type=\"widget\" data-widget_type=\"google_maps.default\">\n\t\t\t\t<div class=\"elementor-widget-container\">\n\t\t\t\t\t\t\t<div class=\"elementor-custom-embed\">\n\t\t\t<iframe loading=\"lazy\"\n\t\t\t\t\tsrc=\"https:\/\/maps.google.com\/maps?q=Barbaros%20Mah.%20Begonya%20Sok.%20Nidakule%20Ata%C5%9Fehir%20Bat%C4%B1%20No%3A1%20%C4%B0%C3%A7%20Kap%C4%B1%20No%3A2%20Ata%C5%9Fehir%20-%20%C4%B0stanbul&#038;t=m&#038;z=16&#038;output=embed&#038;iwloc=near\"\n\t\t\t\t\ttitle=\"Barbaros Mah. Begonya Sok. Nidakule Atasehir West No:1 Interior Door No:2 Atasehir - Istanbul\"\n\t\t\t\t\taria-label=\"Barbaros Mah. Begonya Sok. Nidakule Atasehir West No:1 Interior Door No:2 Atasehir - Istanbul\"\n\t\t\t><\/iframe>\n\t\t<\/div>\n\t\t\t\t\t\t<\/div>\n\t\t\t\t<\/div>\n\t\t\t\t<\/div>\n\t\t<div class=\"elementor-element elementor-element-3a59316 e-con-full e-flex e-con e-child\" data-id=\"3a59316\" data-element_type=\"container\" data-settings=\"{&quot;background_background&quot;:&quot;classic&quot;}\">\n\t\t<div class=\"elementor-element elementor-element-f8ff986 e-con-full e-flex e-con e-child\" data-id=\"f8ff986\" data-element_type=\"container\">\n\t\t\t\t<div class=\"elementor-element elementor-element-66f6906 elementor-widget elementor-widget-heading\" data-id=\"66f6906\" data-element_type=\"widget\" id=\"titlePointer\" data-widget_type=\"heading.default\">\n\t\t\t\t<div class=\"elementor-widget-container\">\n\t\t\t\t\t<h2 class=\"elementor-heading-title elementor-size-default\">Contact us for your questions!<\/h2>\t\t\t\t<\/div>\n\t\t\t\t<\/div>\n\t\t\t\t<div class=\"elementor-element elementor-element-0b67b67 elementor-widget elementor-widget-text-editor\" data-id=\"0b67b67\" data-element_type=\"widget\" data-widget_type=\"text-editor.default\">\n\t\t\t\t<div class=\"elementor-widget-container\">\n\t\t\t\t\t\t\t\t\t<p>You can send us your questions and requests for your child to have an unforgettable experience at Les Alpes.<\/p>\t\t\t\t\t\t\t\t<\/div>\n\t\t\t\t<\/div>\n\t\t\t\t<div class=\"elementor-element elementor-element-3b69d21 elementor-button-align-end elementor-widget elementor-widget-form\" data-id=\"3b69d21\" data-element_type=\"widget\" id=\"iletisimForm\" data-settings=\"{&quot;step_next_label&quot;:&quot;Next&quot;,&quot;step_previous_label&quot;:&quot;Previous&quot;,&quot;button_width&quot;:&quot;100&quot;,&quot;step_type&quot;:&quot;number_text&quot;,&quot;step_icon_shape&quot;:&quot;circle&quot;}\" data-widget_type=\"form.default\">\n\t\t\t\t<div class=\"elementor-widget-container\">\n\t\t\t\t\t\t\t<form class=\"elementor-form\" method=\"post\" name=\"\u0130leti\u015fim Formu\" aria-label=\"Contact Form\" action=\"\">\n\t\t\t<input type=\"hidden\" name=\"post_id\" value=\"104\"\/>\n\t\t\t<input type=\"hidden\" name=\"form_id\" value=\"3b69d21\"\/>\n\t\t\t<input type=\"hidden\" name=\"referer_title\" value=\"\" \/>\n\n\t\t\t\n\t\t\t<div class=\"elementor-form-fields-wrapper elementor-labels-above\">\n\t\t\t\t\t\t\t\t<div class=\"elementor-field-type-text elementor-field-group elementor-column elementor-field-group-name elementor-col-50\">\n\t\t\t\t\t\t\t\t\t\t\t\t<label for=\"form-field-name\" class=\"elementor-field-label\">\n\t\t\t\t\t\t\t\tName\t\t\t\t\t\t\t<\/label>\n\t\t\t\t\t\t\t\t\t\t\t\t\t\t<input size=\"1\" type=\"text\" name=\"form_fields[name]\" id=\"form-field-name\" class=\"elementor-field elementor-size-md  elementor-field-textual\" placeholder=\"Enter your name\">\n\t\t\t\t\t\t\t\t\t\t\t<\/div>\n\t\t\t\t\t\t\t\t<div class=\"elementor-field-type-text elementor-field-group elementor-column elementor-field-group-surname elementor-col-50\">\n\t\t\t\t\t\t\t\t\t\t\t\t<label for=\"form-field-surname\" class=\"elementor-field-label\">\n\t\t\t\t\t\t\t\tSurname\t\t\t\t\t\t\t<\/label>\n\t\t\t\t\t\t\t\t\t\t\t\t\t\t<input size=\"1\" type=\"text\" name=\"form_fields[surname]\" id=\"form-field-surname\" class=\"elementor-field elementor-size-md  elementor-field-textual\" placeholder=\"Enter your surname\">\n\t\t\t\t\t\t\t\t\t\t\t<\/div>\n\t\t\t\t\t\t\t\t<div class=\"elementor-field-type-email elementor-field-group elementor-column elementor-field-group-email elementor-col-100 elementor-field-required\">\n\t\t\t\t\t\t\t\t\t\t\t\t<label for=\"form-field-email\" class=\"elementor-field-label\">\n\t\t\t\t\t\t\t\tYour Email Address\t\t\t\t\t\t\t<\/label>\n\t\t\t\t\t\t\t\t\t\t\t\t\t\t<input size=\"1\" type=\"email\" name=\"form_fields[email]\" id=\"form-field-email\" class=\"elementor-field elementor-size-md  elementor-field-textual\" placeholder=\"Enter your e-mail address\" required=\"required\">\n\t\t\t\t\t\t\t\t\t\t\t<\/div>\n\t\t\t\t\t\t\t\t<div class=\"elementor-field-type-radio elementor-field-group elementor-column elementor-field-group-field_4dff584 elementor-col-100\">\n\t\t\t\t\t\t\t\t\t\t\t\t<label for=\"form-field-field_4dff584\" class=\"elementor-field-label\">\n\t\t\t\t\t\t\t\tSubject\t\t\t\t\t\t\t<\/label>\n\t\t\t\t\t\t<div class=\"elementor-field-subgroup\"><span class=\"elementor-field-option\"><input type=\"radio\" value=\"lets_race\" id=\"form-field-field_4dff584-0\" name=\"form_fields[field_4dff584]\"> <label for=\"form-field-field_4dff584-0\">Let's Race<\/label><\/span><span class=\"elementor-field-option\"><input type=\"radio\" value=\"fiyat_teklifi\" id=\"form-field-field_4dff584-1\" name=\"form_fields[field_4dff584]\"> <label for=\"form-field-field_4dff584-1\">Price Offer<\/label><\/span><span class=\"elementor-field-option\"><input type=\"radio\" value=\"etkinlikler\" id=\"form-field-field_4dff584-2\" name=\"form_fields[field_4dff584]\"> <label for=\"form-field-field_4dff584-2\">Events<\/label><\/span><span class=\"elementor-field-option\"><input type=\"radio\" value=\"konaklama\" id=\"form-field-field_4dff584-3\" name=\"form_fields[field_4dff584]\"> <label for=\"form-field-field_4dff584-3\">Accommodation<\/label><\/span><span class=\"elementor-field-option\"><input type=\"radio\" value=\"yar\u0131\u015f_tak\u0131m\u0131\" id=\"form-field-field_4dff584-4\" name=\"form_fields[field_4dff584]\"> <label for=\"form-field-field_4dff584-4\">Race Team<\/label><\/span><span class=\"elementor-field-option\"><input type=\"radio\" value=\"okul_i\u015fbirlikleri\" id=\"form-field-field_4dff584-5\" name=\"form_fields[field_4dff584]\"> <label for=\"form-field-field_4dff584-5\">School Collaborations<\/label><\/span><span class=\"elementor-field-option\"><input type=\"radio\" value=\"kurumsal_etkinlikler\" id=\"form-field-field_4dff584-6\" name=\"form_fields[field_4dff584]\"> <label for=\"form-field-field_4dff584-6\">Corporate Events<\/label><\/span><span class=\"elementor-field-option\"><input type=\"radio\" value=\"diger\" id=\"form-field-field_4dff584-7\" name=\"form_fields[field_4dff584]\"> <label for=\"form-field-field_4dff584-7\">Other<\/label><\/span><\/div>\t\t\t\t<\/div>\n\t\t\t\t\t\t\t\t<div class=\"elementor-field-type-textarea elementor-field-group elementor-column elementor-field-group-message elementor-col-100\">\n\t\t\t\t\t\t\t\t\t\t\t\t<label for=\"form-field-message\" class=\"elementor-field-label\">\n\t\t\t\t\t\t\t\tYour message\t\t\t\t\t\t\t<\/label>\n\t\t\t\t\t\t<textarea class=\"elementor-field-textual elementor-field  elementor-size-md\" name=\"form_fields[message]\" id=\"form-field-message\" rows=\"4\" placeholder=\"Write your message...\"><\/textarea>\t\t\t\t<\/div>\n\t\t\t\t\t\t\t\t<div class=\"elementor-field-group elementor-column elementor-field-type-submit elementor-col-100 e-form__buttons\">\n\t\t\t\t\t<button class=\"elementor-button elementor-size-sm\" type=\"submit\">\n\t\t\t\t\t\t<span class=\"elementor-button-content-wrapper\">\n\t\t\t\t\t\t\t\t\t\t\t\t\t\t\t\t\t\t\t\t\t\t<span class=\"elementor-button-text\">Contact Us<\/span>\n\t\t\t\t\t\t\t\t\t\t\t\t\t<\/span>\n\t\t\t\t\t<\/button>\n\t\t\t\t<\/div>\n\t\t\t<\/div>\n\t\t<input type=\"hidden\" name=\"trp-form-language\" value=\"en\"\/><\/form>\n\t\t\t\t\t\t<\/div>\n\t\t\t\t<\/div>\n\t\t\t\t<\/div>\n\t\t\t\t<\/div>\n\t\t\t\t<\/div>\n\t\t\t\t\t<\/div>\n\t\t\t\t<\/div>\n\t\t\t\t<\/div>","protected":false},"excerpt":{"rendered":"<p>\u0130LET\u0130\u015e\u0130M Les Alpes D\u00fcnyas\u0131nda Kayak, Ke\u015fif ve E\u011flence Bir Arada! \u0130LET\u0130\u015e\u0130M Les Alpes D\u00fcnyas\u0131nda Kayak, Ke\u015fif ve E\u011flence Bir Arada! Bize her zaman ula\u015fabilirsiniz! Sorular\u0131n\u0131z i\u00e7in buraday\u0131z! Merak Ettikleriniz \u0130\u00e7in Bize Ula\u015f\u0131n! \u00c7ocu\u011funuzun Les Alpes\u2019te unutulmaz bir deneyim ya\u015famas\u0131 i\u00e7in sorular\u0131n\u0131z\u0131 ve taleplerinizi bize iletebilirsiniz.<\/p>","protected":false},"author":1,"featured_media":0,"parent":0,"menu_order":0,"comment_status":"closed","ping_status":"closed","template":"","meta":{"footnotes":""},"class_list":["post-104","page","type-page","status-publish","hentry"],"_links":{"self":[{"href":"https:\/\/lesalpes.com.tr\/en\/wp-json\/wp\/v2\/pages\/104","targetHints":{"allow":["GET"]}}],"collection":[{"href":"https:\/\/lesalpes.com.tr\/en\/wp-json\/wp\/v2\/pages"}],"about":[{"href":"https:\/\/lesalpes.com.tr\/en\/wp-json\/wp\/v2\/types\/page"}],"author":[{"embeddable":true,"href":"https:\/\/lesalpes.com.tr\/en\/wp-json\/wp\/v2\/users\/1"}],"replies":[{"embeddable":true,"href":"https:\/\/lesalpes.com.tr\/en\/wp-json\/wp\/v2\/comments?post=104"}],"version-history":[{"count":0,"href":"https:\/\/lesalpes.com.tr\/en\/wp-json\/wp\/v2\/pages\/104\/revisions"}],"wp:attachment":[{"href":"https:\/\/lesalpes.com.tr\/en\/wp-json\/wp\/v2\/media?parent=104"}],"curies":[{"name":"wp","href":"https:\/\/api.w.org\/{rel}","templated":true}]}}